{"id":11,"date":"2023-08-24T16:13:27","date_gmt":"2023-08-24T14:13:27","guid":{"rendered":"http:\/\/rierayroig.com\/?page_id=11"},"modified":"2023-08-24T17:14:00","modified_gmt":"2023-08-24T15:14:00","slug":"about","status":"publish","type":"page","link":"https:\/\/rierayroig.com\/?page_id=11","title":{"rendered":"About"},"content":{"rendered":"\n<section class=\"hts-section hts-page hts-about\">\n    <div class=\"hts-about-header\">\n        <div class=\"hts-about-header-content\">\n            <div class=\"hts-about-body\">\n                <div>\n                    <h1>Sobre Nosotros<\/h1>\n                    <p>Transporte terrestre confiable en Ibiza<\/p>\n                <\/div>\n            <\/div>\n            <div class=\"hts-about-image\">\n                <div class=\"hts-image-wrapper\">\n                    <img decoding=\"async\" src=\"https:\/\/rierayroig.com\/wp-content\/uploads\/2023\/08\/1692888821221-1110x740.jpg\" srcset=\"https:\/\/rierayroig.com\/wp-content\/uploads\/2023\/08\/1692888821221-1110x740.jpg 1x, https:\/\/rierayroig.com\/wp-content\/uploads\/2023\/08\/1692888821221-2220x1480.jpg 2x\" alt=\"1692888821221\">                                    <\/div>\n            <\/div>\n        <\/div>\n    <\/div>\n    <hr class=\"full\">\n    <div class=\"hts-details\">\n                <div class=\"hts-about-story\">\n            <h2 class=\"hts-title\">MY STORY<\/h2>\n            <div class=\"hts-description\">\n                <p><strong>TRANSPORTES RIERA Y ROIG<\/strong>\u00a0( RYR IBIZA ) es una empresa que realiza todo tipo de transporte terrestre , dispone de mas de 100 camiones, plataformas , ba\u00f1eras , g\u00f3ndolas, excavadoras capaces de llevar a cualquier parte del pa\u00eds todo tipo de mercanc\u00eda.<\/p><p>Creada en Ibiza y con m\u00e1s de 35 a\u00f1os prestando a sus clientes un apoyo profesional en sus operaciones de transportes.<\/p><p>Nos caracteriza la atenci\u00f3n personalizada y directa sobre nuestros clientes, asumiendo sus necesidades como nuestras.<\/p><p>\u00bb Transporte de embarcaciones de peque\u00f1a, mediana y gran eslora.<\/p><p>\u00bb Transporte de agua potable y alquiler de cubas de agua.<\/p><p>\u00bb Montaje de gr\u00faas torre.<\/p><p>\u00bb Montaje de montacargas.<\/p><p>\u00bb Encofrados.<\/p><p>\u00bb Hormigonado.<\/p><p>\u00bb Elevaci\u00f3n de material a forjados.<\/p><p>\u00bb Montaje de forjados.<\/p><p>\u00bb Montaje de prefabricados y grandes prefabricados.<\/p><p>\u00bb Demolici\u00f3n.<\/p><p>\u00bb C\u00e1lculos presupuestarios paral licitaciones<\/p><p>\u00bb Montajes completos de parque de maquinaria<\/p><p>\u00bb Flexibilidad seg\u00fan necesidades de obras<\/p><p>\u00bb Mantenimiento industrial.<\/p><p>\u00bb Montaje de maquinaria.<\/p><p>\u00bb Movimiento de maquinaria.<\/p><p>\u00bb Montaje de plantas completas.<\/p><p>\u00bb Montaje de estructuras met\u00e1licas.<\/p><p>\u00bb Almac\u00e9n y dep\u00f3sito de mercanc\u00edas.<\/p><p>-\u00bb Antenas de telefon\u00eda y TV.<\/p><p>\u00bb Torres repetidoras.<\/p><p>\u00bb Dep\u00f3sitos.<\/p><p>\u00bb Tanques.<\/p><p>\u00bb Aire Acondicionado<\/p><p>\u00bb Torres de alta tensi\u00f3n.<\/p><p>\u00bb Torres media y baja.<\/p><p>\u00bb Transporte de torres.<\/p><p>\u00bb Transporte y montaje de transformadores.<\/p><p>\u00bb Transporte y montaje de centros prefabricados.<\/p><p>\u00bb Mantenimiento de l\u00edneas<\/p><p>\u00bbGr\u00faas m\u00f3viles sobre cami\u00f3n.<\/p><p>\u00bb Gr\u00faas todoterreno intervenci\u00f3n r\u00e1pida.<\/p><p>\u00bb Plataformas a\u00e9reas, tijeras, articuladas y telesc\u00f3picas.<\/p><p>\u00bb Manipuladores telesc\u00f3picos<\/p><p>SEGURIDAD \/ CALIDAD<\/p><p>\u00bb Plan de prevenci\u00f3n de riesgos laborales seg\u00fan necesidades de obra.<\/p><p>\u00bb I.T.C. (Inspecci\u00f3n t\u00e9cnica complementaria) en todos nuestros veh\u00edculos .<\/p>            <\/div>\n        <\/div>\n        \n        <div class=\"hts-gallery\">\n            <div class=\"hts-image-wrapper hts-bottom\">\n                <img decoding=\"async\" src=\"https:\/\/rierayroig.com\/wp-content\/uploads\/2023\/08\/1692888821208-1110x740.jpg\" srcset=\"https:\/\/rierayroig.com\/wp-content\/uploads\/2023\/08\/1692888821208-540x360.jpg 1x, https:\/\/rierayroig.com\/wp-content\/uploads\/2023\/08\/1692888821208-1080x720.jpg 2x\" alt=\"Camera 360\">            <\/div>\n            <div class=\"hts-image-wrapper hts-bottom\">\n                <img decoding=\"async\" src=\"https:\/\/images.unsplash.com\/photo-1519003722824-194d4455a60c?crop=entropy\" title=\"Photo by Rodrigo Abreu\" alt=\"white and black truck near mountain at daytime\"><span class=\"hts-unsplash-data\">Photo by <a href=\"https:\/\/unsplash.com\/@rodrigospabreu?utm_source=hostinger&#038;utm_medium=referral\" rel=\"nofollow\">Rodrigo Abreu<\/a> on <a href=\"https:\/\/unsplash.com\/?utm_source=hostinger&#038;utm_medium=referral\" rel=\"nofollow\">Unsplash<\/a><\/span>            <\/div>\n        <\/div>\n    <\/div>\n<\/section>\n\n<section class=\"hts-section hts-newsletter\">\n\t<hr class=\"full\">\n\t<div class=\"wrapper\">\n\t<div>\n\t\t<h3 class=\"hts-title\">Newsletter<\/h3>\n\t\t<p>Subscribe to stay up-to-date with my latest creative projects, insights, and tips.<\/p>\n\t<\/div>\n\t<div class=\"hts-newsletter-block\">\n\t\t<form>\n\t\t\t<input type=\"hidden\" id=\"newsletter_nonce\" name=\"newsletter_nonce\" value=\"560c825424\" \/><input type=\"hidden\" name=\"_wp_http_referer\" value=\"\/index.php?rest_route=%2Fwp%2Fv2%2Fpages%2F11\" \/>\t\t\t<label for=\"hts-newsletter-email\">Email<\/label>\n\t\t\t<input type=\"email\"\n\t\t\t       id=\"hts-newsletter-email\"\n\t\t\t       name=\"newsletter_email\"\n\t\t\t       placeholder=\"What\u2019s your email?\">\n\t\t\t<div class=\"validate-message\"><\/div>\n\t\t\t<div class=\"hts-privacy-agree\">\n\t\t\t\t<label class=\"hts-form-control\">\n\t\t\t\t<input type=\"checkbox\" id=\"privacy-policy-checkbox\" name=\"privacy_policy\" required>\n\t\t\t\t<\/label>\n\t\t\t\t<span>\n\t\t\t\t\tI consent to use of my email address for the purpose of receiving newsletters as described in <a href=\"\" target=\"_blank\">Privacy Policy<\/a>, which I have read. I may withdraw my consent at any time.\t\t\t\t<\/span>\n\t\t\t<\/div>\n\t\t\t<input type=\"submit\" class=\"btn primary\" value=\"Subscribe\"\/>\n\t\t<\/form>\n\t<\/div>\n\t<\/div>\n<\/section>","protected":false},"excerpt":{"rendered":"","protected":false},"author":1,"featured_media":0,"parent":0,"menu_order":0,"comment_status":"closed","ping_status":"closed","template":"","meta":{"om_disable_all_campaigns":false,"_monsterinsights_skip_tracking":false,"_monsterinsights_sitenote_active":false,"_monsterinsights_sitenote_note":"","_monsterinsights_sitenote_category":0,"footnotes":""},"aioseo_notices":[],"_links":{"self":[{"href":"https:\/\/rierayroig.com\/index.php?rest_route=\/wp\/v2\/pages\/11"}],"collection":[{"href":"https:\/\/rierayroig.com\/index.php?rest_route=\/wp\/v2\/pages"}],"about":[{"href":"https:\/\/rierayroig.com\/index.php?rest_route=\/wp\/v2\/types\/page"}],"author":[{"embeddable":true,"href":"https:\/\/rierayroig.com\/index.php?rest_route=\/wp\/v2\/users\/1"}],"replies":[{"embeddable":true,"href":"https:\/\/rierayroig.com\/index.php?rest_route=%2Fwp%2Fv2%2Fcomments&post=11"}],"version-history":[{"count":3,"href":"https:\/\/rierayroig.com\/index.php?rest_route=\/wp\/v2\/pages\/11\/revisions"}],"predecessor-version":[{"id":41,"href":"https:\/\/rierayroig.com\/index.php?rest_route=\/wp\/v2\/pages\/11\/revisions\/41"}],"wp:attachment":[{"href":"https:\/\/rierayroig.com\/index.php?rest_route=%2Fwp%2Fv2%2Fmedia&parent=11"}],"curies":[{"name":"wp","href":"https:\/\/api.w.org\/{rel}","templated":true}]}}